{"id":452,"date":"2024-05-20T16:04:52","date_gmt":"2024-05-20T16:04:52","guid":{"rendered":"https:\/\/luxadent.local\/?page_id=452"},"modified":"2025-02-26T16:51:25","modified_gmt":"2025-02-26T16:51:25","slug":"general-dentist-in-houston-tx","status":"publish","type":"page","link":"https:\/\/www.myluxadent.com\/es\/general-dentist-in-houston\/","title":{"rendered":"Dentista General en Houston, TX"},"content":{"rendered":"<div class=\"wp-block-group has-global-padding is-layout-constrained wp-container-core-group-is-layout-2 wp-block-group-is-layout-constrained\">\n<h2 class=\"wp-block-heading\"><strong>Su salud bucal es nuestra m\u00e1xima prioridad<\/strong><\/h2>\n\n\n\n<p>La b\u00fasqueda de un dentista general en Houston en el que pueda confiar para brindar atenci\u00f3n con experiencia y compasi\u00f3n se detiene en Luxadent Family Dentistry. Desde citas de higiene bucal hasta tratamiento de enfermedades de las enc\u00edas y odontolog\u00eda de emergencia en Houston, TX, estamos aqu\u00ed para ayudarlo a que usted y su familia tengan experiencias dentales de la m\u00e1s alta calidad y conveniencia. Ofrecemos servicios dentales integrales para nuestros pacientes, incluidas extracciones dentales e implantes dentales, para que pueda recibir atenci\u00f3n para m\u00faltiples problemas de salud bucal en un solo lugar. Su cuidado dental es nuestra m\u00e1xima prioridad y puede estar seguro de que est\u00e1 recibiendo el tratamiento correcto que necesita para obtener una salud bucal adecuada.<\/p>\n\n\n\n<h2 class=\"wp-block-heading\"><strong>Los beneficios de visitar al dentista:<\/strong><\/h2>\n\n\n\n<ul class=\"wp-block-list\">\n<li>Limpieza higi\u00e9nica a fondo<\/li>\n\n\n\n<li>Detecta caries<\/li>\n\n\n\n<li>Ayuda a prevenir la enfermedad de las enc\u00edas.<\/li>\n\n\n\n<li>Promueve la salud bucal<\/li>\n\n\n\n<li>Un aliento m\u00e1s fresco<\/li>\n<\/ul>\n\n\n\n<h2 class=\"wp-block-heading\"><strong>\u00bfCu\u00e1ndo debo visitar a mi dentista?<\/strong><\/h2>\n\n\n\n<p>Hay algunos signos que indican que es el momento adecuado para visitar al dentista y hacerse un chequeo bucal. Cuando preste atenci\u00f3n a esas se\u00f1ales de inmediato, podr\u00e1 recibir todo el apoyo que necesita para mantenerse alejado de las afecciones de salud bucal. Eso es porque puede tratarlos durante su etapa inicial. Aqu\u00ed hay algunos de esos signos que indican el hecho de que deber\u00eda visitar a su dentista general en un futuro pr\u00f3ximo.<\/p>\n\n\n\n<h3 class=\"wp-block-heading\"><strong>Se\u00f1ales de que necesita visitar a su dentista:<\/strong><\/h3>\n\n\n\n<ul class=\"wp-block-list\">\n<li>Experimenta dolor o hinchaz\u00f3n.&nbsp;<\/li>\n\n\n\n<li>Enc\u00edas inflamadas, hinchadas o sangrantes<\/li>\n\n\n\n<li>Lesi\u00f3n en la boca<\/li>\n<\/ul>\n\n\n\n<div class=\"wp-block-group has-global-padding is-layout-constrained wp-block-group-is-layout-constrained\" style=\"margin-top:var(--wp--preset--spacing--30);margin-bottom:var(--wp--preset--spacing--30)\">\n<figure class=\"wp-block-video\"><video controls src=\"\/wp-content\/uploads\/2024\/05\/y2mate.com-Consequences-of-Tooth-Loss_eBLbOgc_82g_360p.mp4\"><\/video><\/figure>\n<\/div>\n<\/div>\n\n\n\n<h2 class=\"wp-block-heading\"><strong>Servicios dentales generales<\/strong><\/h2>\n\n\n\n<h3 class=\"wp-block-heading\"><strong>Dentadura postiza:<\/strong><\/h3>\n\n\n\n<p class=\"translation-block\">En t\u00e9rminos simples, las dentaduras postizas son las dentaduras postizas que podr\u00e1 quitar. Podr\u00e1s reponer los dientes perdidos en tu boca con el soporte que ofrecen las dentaduras postizas. La p\u00e9rdida de dientes puede ocurrir debido a muchas razones diferentes. Las lesiones y las caries ocupan un lugar destacado fuera de ellos. Pase lo que pase, podr\u00e1 pasar por el procedimiento de dentadura postiza para deshacerse del vac\u00edo que tiene en la boca. Las dentaduras postizas se crear\u00e1n espec\u00edficamente para llenar el espacio que existe en su boca. Por lo tanto, podr\u00e1 terminar obteniendo resultados positivos. Si desea obtener m\u00e1s informaci\u00f3n sobre las dentaduras postizas completas y parciales, llame a su dentista general en Houston, Tx.<\/p>\n\n\n\n<h3 class=\"wp-block-heading\"><strong>Tratamiento de la apnea del sue\u00f1o:<\/strong><\/h3>\n\n\n\n<p>La apnea del sue\u00f1o es uno de los trastornos del sue\u00f1o m\u00e1s graves que puede sufrir una persona. Ocurrir\u00eda cuando la respiraci\u00f3n se detiene y comienza repetidamente. Cuando se siente cansado y ronca fuerte despu\u00e9s de un sue\u00f1o completo por la noche, existe una alta posibilidad de que se vea afectado por la apnea del sue\u00f1o. Cuando est\u00e9 tratando de encontrar una soluci\u00f3n para la apnea del sue\u00f1o, puede pensar en reunirse con un dentista general en Houston. Eso es porque el primer signo asociado con la apnea del sue\u00f1o es rechinar los dientes.&nbsp;<\/p>\n\n\n\n<p class=\"translation-block\">Cuando se re\u00fana con un dentista, podr\u00e1 examinar las superficies desgastadas de los dientes. Esto se debe a que el rechinar los dientes tiene la capacidad de contribuir al r\u00e1pido desgaste de los dientes. Junto con eso, tambi\u00e9n tendr\u00e1 que experimentar enc\u00edas inflamadas, enc\u00edas retra\u00eddas y rotura de dientes. Uno de los signos m\u00e1s comunes de rechinar los dientes ser\u00eda una punta como dientes. Cuando el dentista aborde esto, tambi\u00e9n podr\u00e1 encontrar una soluci\u00f3n para la apnea del sue\u00f1o.<\/p>\n\n\n\n<h3 class=\"wp-block-heading\"><strong>Odontolog\u00eda preventiva:<\/strong><\/h3>\n\n\n\n<p>La odontolog\u00eda preventiva, tambi\u00e9n conocida como cuidado dental preventivo, podr\u00e1 brindarle todo el apoyo que necesita para mantener una excelente salud bucal en todo momento. Esto se determina principalmente por los chequeos bucales regulares que realiza al reunirse con un dentista. Adem\u00e1s de eso, debes pensar en desarrollar buenos h\u00e1bitos orales por tu cuenta. Por ejemplo, debes cepillarte los dientes y usar hilo dental varias veces al d\u00eda. Es importante que todas las personas se centren en la odontolog\u00eda preventiva desde la ni\u00f1ez. Entonces podr\u00e1 brindar una protecci\u00f3n mejorada a sus dientes y mantenerlos en perfectas condiciones por el resto de su vida.<\/p>\n\n\n\n<h3 class=\"wp-block-heading\"><strong>Examen de patolog\u00eda oral<\/strong><\/h3>\n\n\n\n<p>El examen de patolog\u00eda oral consiste en diagnosticar las enfermedades que existen en la boca y ofrecer tratamientos para ellas. Las enfermedades identificadas durante un examen de patolog\u00eda oral incluyen tumores, quistes y lesiones precancerosas y cancerosas. Cuando hay una enfermedad en la boca, tendr\u00e1s que experimentar cambios en los dientes, boca, lengua, enc\u00edas y garganta. Los cambios espec\u00edficos variar\u00edan de una enfermedad a otra. Independientemente de cu\u00e1l sea la enfermedad, es importante identificarla en una etapa temprana para seguir adelante con los tratamientos. Aqu\u00ed es donde el examen de patolog\u00eda oral podr\u00e1 ayudar a las personas. Durante el examen de patolog\u00eda oral, se realizar\u00e1n una gran cantidad de pruebas para determinar la enfermedad exacta. Entonces, la opci\u00f3n de tratamiento la determinar\u00e1 el dentista.<\/p>\n\n\n\n<h3 class=\"wp-block-heading\"><strong>\u00bfC\u00f3mo puede Luxadent ayudarlo con sus emergencias dentales?<\/strong><\/h3>\n\n\n\n<p class=\"translation-block\">Cuando se encuentra con un problema dental que necesita tratamiento urgente, se trata de una emergencia dental. Puede ser un dolor insoportable, sangrado o la necesidad de salvar un diente. No importa cu\u00e1l sea su emergencia dental, puede pensar en buscar la ayuda de Luxadent. Nos aseguraremos de que reciba el alivio que tanto necesita en la situaci\u00f3n de emergencia. Todo lo que tienes que hacer es llamarnos o venir a nuestra cl\u00ednica dental. Si se enfrenta a una emergencia dental, cont\u00e1ctenos ahora. Te diremos lo que debes hacer.<\/p>\n\n\n\n<h3 class=\"wp-block-heading\"><strong>Visitar a su dentista general en Houston ayuda a proteger su salud bucal<\/strong><\/h3>\n\n\n\n<p class=\"translation-block\">La mala higiene bucal y las visitas al dentista perdidas pueden tener consecuencias negativas para los dientes, las enc\u00edas, la mand\u00edbula y la salud en general. Recomendamos las limpiezas dentales dos veces al a\u00f1o y los chequeos completos para garantizar que sus dientes y enc\u00edas est\u00e9n sanos y que no experimente s\u00edntomas preocupantes. Los ex\u00e1menes dentales integrales no solo pueden proporcionar una limpieza completa de sus dientes, sino que tambi\u00e9n podemos detectar caries y otros s\u00edntomas de complicaciones m\u00e1s graves y tratar estos problemas antes de que da\u00f1en la salud de su sonrisa. Queremos asegurarnos de que todos nuestros pacientes est\u00e9n tranquilos y relajados durante las citas y ofrecer opciones de odontolog\u00eda de sedaci\u00f3n para pacientes ansiosos.<\/p>","protected":false},"excerpt":{"rendered":"<p>Your Oral Health is Our Top Priority The search for a general dentist in Houston you can trust to provide experienced and compassionate care stops at Luxadent Family Dentistry. From oral hygiene appointments to gum disease treatment and emergency dentistry in Houston, TX, we are here to help make you and your family\u2019s dental experiences [&hellip;]<\/p>","protected":false},"author":1,"featured_media":0,"parent":0,"menu_order":0,"comment_status":"closed","ping_status":"closed","template":"","meta":{"_acf_changed":false,"footnotes":""},"class_list":["post-452","page","type-page","status-publish","hentry"],"acf":[],"yoast_head":"<!-- This site is optimized with the Yoast SEO plugin v25.1 - https:\/\/yoast.com\/wordpress\/plugins\/seo\/ -->\n<title>General Dentistry Services at Luxadent Houston<\/title>\n<meta name=\"description\" content=\"Visit Luxadent for expert general dentistry in Houston. Get personalized, quality care for the whole family. Book your appointment today!\" \/>\n<meta name=\"robots\" content=\"index, follow, max-snippet:-1, max-image-preview:large, max-video-preview:-1\" \/>\n<link rel=\"canonical\" href=\"https:\/\/www.myluxadent.com\/es\/general-dentist-in-houston\/\" \/>\n<meta property=\"og:locale\" content=\"es_ES\" \/>\n<meta property=\"og:type\" content=\"article\" \/>\n<meta property=\"og:title\" content=\"General Dentistry Services at Luxadent Houston\" \/>\n<meta property=\"og:description\" content=\"Visit Luxadent for expert general dentistry in Houston. Get personalized, quality care for the whole family. Book your appointment today!\" \/>\n<meta property=\"og:url\" content=\"https:\/\/www.myluxadent.com\/es\/general-dentist-in-houston\/\" \/>\n<meta property=\"og:site_name\" content=\"Luxadent Cosmetic and Implant Dental Center\" \/>\n<meta property=\"article:modified_time\" content=\"2025-02-26T16:51:25+00:00\" \/>\n<meta name=\"twitter:card\" content=\"summary_large_image\" \/>\n<meta name=\"twitter:label1\" content=\"Est. reading time\" \/>\n\t<meta name=\"twitter:data1\" content=\"5 minutes\" \/>\n<script type=\"application\/ld+json\" class=\"yoast-schema-graph\">{\"@context\":\"https:\/\/schema.org\",\"@graph\":[{\"@type\":\"WebPage\",\"@id\":\"https:\/\/www.myluxadent.com\/es\/general-dentist-in-houston\/\",\"url\":\"https:\/\/www.myluxadent.com\/es\/general-dentist-in-houston\/\",\"name\":\"General Dentistry Services at Luxadent Houston\",\"isPartOf\":{\"@id\":\"https:\/\/www.myluxadent.com\/es\/#website\"},\"datePublished\":\"2024-05-20T16:04:52+00:00\",\"dateModified\":\"2025-02-26T16:51:25+00:00\",\"description\":\"Visit Luxadent for expert general dentistry in Houston. Get personalized, quality care for the whole family. Book your appointment today!\",\"breadcrumb\":{\"@id\":\"https:\/\/www.myluxadent.com\/es\/general-dentist-in-houston\/#breadcrumb\"},\"inLanguage\":\"es-US\",\"potentialAction\":[{\"@type\":\"ReadAction\",\"target\":[\"https:\/\/www.myluxadent.com\/es\/general-dentist-in-houston\/\"]}]},{\"@type\":\"BreadcrumbList\",\"@id\":\"https:\/\/www.myluxadent.com\/es\/general-dentist-in-houston\/#breadcrumb\",\"itemListElement\":[{\"@type\":\"ListItem\",\"position\":1,\"name\":\"Home\",\"item\":\"https:\/\/www.myluxadent.com\/\"},{\"@type\":\"ListItem\",\"position\":2,\"name\":\"General Dentist in Houston, TX\"}]},{\"@type\":\"WebSite\",\"@id\":\"https:\/\/www.myluxadent.com\/es\/#website\",\"url\":\"https:\/\/www.myluxadent.com\/es\/\",\"name\":\"Luxadent Cosmetic and Implant Dental Center\",\"description\":\"\",\"publisher\":{\"@id\":\"https:\/\/www.myluxadent.com\/es\/#organization\"},\"potentialAction\":[{\"@type\":\"SearchAction\",\"target\":{\"@type\":\"EntryPoint\",\"urlTemplate\":\"https:\/\/www.myluxadent.com\/es\/?s={search_term_string}\"},\"query-input\":{\"@type\":\"PropertyValueSpecification\",\"valueRequired\":true,\"valueName\":\"search_term_string\"}}],\"inLanguage\":\"es-US\"},{\"@type\":\"Organization\",\"@id\":\"https:\/\/www.myluxadent.com\/es\/#organization\",\"name\":\"Luxadent Cosmetic and Implant Dental Center\",\"url\":\"https:\/\/www.myluxadent.com\/es\/\",\"logo\":{\"@type\":\"ImageObject\",\"inLanguage\":\"es-US\",\"@id\":\"https:\/\/www.myluxadent.com\/es\/#\/schema\/logo\/image\/\",\"url\":\"https:\/\/www.myluxadent.com\/wp-content\/uploads\/2024\/03\/midibite-PSD-01.png\",\"contentUrl\":\"https:\/\/www.myluxadent.com\/wp-content\/uploads\/2024\/03\/midibite-PSD-01.png\",\"width\":1000,\"height\":300,\"caption\":\"Luxadent Cosmetic and Implant Dental Center\"},\"image\":{\"@id\":\"https:\/\/www.myluxadent.com\/es\/#\/schema\/logo\/image\/\"},\"sameAs\":[\"https:\/\/www.instagram.com\/luxadent\/\"]}]}<\/script>\n<!-- \/ Yoast SEO plugin. -->","yoast_head_json":{"title":"General Dentistry Services at Luxadent Houston","description":"Visit Luxadent for expert general dentistry in Houston. Get personalized, quality care for the whole family. Book your appointment today!","robots":{"index":"index","follow":"follow","max-snippet":"max-snippet:-1","max-image-preview":"max-image-preview:large","max-video-preview":"max-video-preview:-1"},"canonical":"https:\/\/www.myluxadent.com\/es\/general-dentist-in-houston\/","og_locale":"es_ES","og_type":"article","og_title":"General Dentistry Services at Luxadent Houston","og_description":"Visit Luxadent for expert general dentistry in Houston. Get personalized, quality care for the whole family. Book your appointment today!","og_url":"https:\/\/www.myluxadent.com\/es\/general-dentist-in-houston\/","og_site_name":"Luxadent Cosmetic and Implant Dental Center","article_modified_time":"2025-02-26T16:51:25+00:00","twitter_card":"summary_large_image","twitter_misc":{"Est. reading time":"5 minutes"},"schema":{"@context":"https:\/\/schema.org","@graph":[{"@type":"WebPage","@id":"https:\/\/www.myluxadent.com\/es\/general-dentist-in-houston\/","url":"https:\/\/www.myluxadent.com\/es\/general-dentist-in-houston\/","name":"General Dentistry Services at Luxadent Houston","isPartOf":{"@id":"https:\/\/www.myluxadent.com\/es\/#website"},"datePublished":"2024-05-20T16:04:52+00:00","dateModified":"2025-02-26T16:51:25+00:00","description":"Visit Luxadent for expert general dentistry in Houston. Get personalized, quality care for the whole family. Book your appointment today!","breadcrumb":{"@id":"https:\/\/www.myluxadent.com\/es\/general-dentist-in-houston\/#breadcrumb"},"inLanguage":"es-US","potentialAction":[{"@type":"ReadAction","target":["https:\/\/www.myluxadent.com\/es\/general-dentist-in-houston\/"]}]},{"@type":"BreadcrumbList","@id":"https:\/\/www.myluxadent.com\/es\/general-dentist-in-houston\/#breadcrumb","itemListElement":[{"@type":"ListItem","position":1,"name":"Home","item":"https:\/\/www.myluxadent.com\/"},{"@type":"ListItem","position":2,"name":"General Dentist in Houston, TX"}]},{"@type":"WebSite","@id":"https:\/\/www.myluxadent.com\/es\/#website","url":"https:\/\/www.myluxadent.com\/es\/","name":"Luxadent Cosmetic and Implant Dental Center","description":"","publisher":{"@id":"https:\/\/www.myluxadent.com\/es\/#organization"},"potentialAction":[{"@type":"SearchAction","target":{"@type":"EntryPoint","urlTemplate":"https:\/\/www.myluxadent.com\/es\/?s={search_term_string}"},"query-input":{"@type":"PropertyValueSpecification","valueRequired":true,"valueName":"search_term_string"}}],"inLanguage":"es-US"},{"@type":"Organization","@id":"https:\/\/www.myluxadent.com\/es\/#organization","name":"Luxadent Cosmetic and Implant Dental Center","url":"https:\/\/www.myluxadent.com\/es\/","logo":{"@type":"ImageObject","inLanguage":"es-US","@id":"https:\/\/www.myluxadent.com\/es\/#\/schema\/logo\/image\/","url":"https:\/\/www.myluxadent.com\/wp-content\/uploads\/2024\/03\/midibite-PSD-01.png","contentUrl":"https:\/\/www.myluxadent.com\/wp-content\/uploads\/2024\/03\/midibite-PSD-01.png","width":1000,"height":300,"caption":"Luxadent Cosmetic and Implant Dental Center"},"image":{"@id":"https:\/\/www.myluxadent.com\/es\/#\/schema\/logo\/image\/"},"sameAs":["https:\/\/www.instagram.com\/luxadent\/"]}]}},"_links":{"self":[{"href":"https:\/\/www.myluxadent.com\/es\/wp-json\/wp\/v2\/pages\/452","targetHints":{"allow":["GET"]}}],"collection":[{"href":"https:\/\/www.myluxadent.com\/es\/wp-json\/wp\/v2\/pages"}],"about":[{"href":"https:\/\/www.myluxadent.com\/es\/wp-json\/wp\/v2\/types\/page"}],"author":[{"embeddable":true,"href":"https:\/\/www.myluxadent.com\/es\/wp-json\/wp\/v2\/users\/1"}],"replies":[{"embeddable":true,"href":"https:\/\/www.myluxadent.com\/es\/wp-json\/wp\/v2\/comments?post=452"}],"version-history":[{"count":3,"href":"https:\/\/www.myluxadent.com\/es\/wp-json\/wp\/v2\/pages\/452\/revisions"}],"predecessor-version":[{"id":550,"href":"https:\/\/www.myluxadent.com\/es\/wp-json\/wp\/v2\/pages\/452\/revisions\/550"}],"wp:attachment":[{"href":"https:\/\/www.myluxadent.com\/es\/wp-json\/wp\/v2\/media?parent=452"}],"curies":[{"name":"wp","href":"https:\/\/api.w.org\/{rel}","templated":true}]}}