{"id":426,"date":"2024-05-18T03:47:23","date_gmt":"2024-05-18T03:47:23","guid":{"rendered":"https:\/\/luxadent.local\/?page_id=426"},"modified":"2025-02-26T15:33:20","modified_gmt":"2025-02-26T15:33:20","slug":"cosmetic-dentist-in-houston-tx","status":"publish","type":"page","link":"https:\/\/www.myluxadent.com\/es\/cosmetic-dentist-in-houston\/","title":{"rendered":"Dentista Cosm\u00e9tico en Houston, TX"},"content":{"rendered":"<h2 class=\"wp-block-heading\"><strong>\u00bfQu\u00e9 es la odontolog\u00eda cosm\u00e9tica?<\/strong><\/h2>\n\n\n\n<p>La odontolog\u00eda cosm\u00e9tica se refiere a los procedimientos de odontolog\u00eda, que se centran en mejorar la apariencia de los dientes y las enc\u00edas. En la mayor\u00eda de los casos, la odontolog\u00eda cosm\u00e9tica se centra en mejorar la posici\u00f3n, el color, el tama\u00f1o, la forma y la alineaci\u00f3n de los dientes. Cuando se someta a procedimientos de odontolog\u00eda cosm\u00e9tica, podr\u00e1 mejorar la apariencia general. La odontolog\u00eda cosm\u00e9tica en Houston es uno de los servicios dentales m\u00e1s populares que ofrece la ciudad.<\/p>\n\n\n\n<h2 class=\"wp-block-heading\"><strong>Dentista cosm\u00e9tico en Houston: tratamiento de muchas imperfecciones dentales<\/strong><\/h2>\n\n\n\n<p class=\"translation-block\">Ofrecemos muchos servicios cosm\u00e9ticos en Houston para ayudarlo a recuperar su confianza devolviendo la belleza est\u00e9tica a su sonrisa. Para los pacientes con imperfecciones leves a moderadas de los dientes, los servicios cosm\u00e9ticos como incrustaciones y onlays, empastes compuestos y blanqueamiento dental en Houston pueden solucionar estos problemas mejorando la salud, la forma y el color de sus dientes. Si no est\u00e1 satisfecho con el estado actual de su sonrisa, la odontolog\u00eda cosm\u00e9tica puede ser la respuesta que ha estado buscando. En Luxadent Family Dentistry, somos expertos en crear sonrisas hermosas y duraderas a trav\u00e9s de procedimientos cosm\u00e9ticos dise\u00f1ados para adaptarse a sus objetivos y necesidades de sonrisa. \u00a1Cont\u00e1ctenos para cualquier servicio que involucre a nuestro dentista cosmetico en Houston hoy!<\/p>\n\n\n\n<h2 class=\"wp-block-heading\"><strong>La odontolog\u00eda cosm\u00e9tica puede solucionar m\u00faltiples preocupaciones:<\/strong><\/h2>\n\n\n\n<ul class=\"wp-block-list\">\n<li>Dientes astillados o agrietados<\/li>\n\n\n\n<li>Dientes manchados o descoloridos<\/li>\n\n\n\n<li>Dientes desalineados<\/li>\n\n\n\n<li>Dientes cariados<\/li>\n\n\n\n<li>Dientes deformados<\/li>\n\n\n\n<li>Dientes que faltan<\/li>\n\n\n\n<li>Dientes con espacios<\/li>\n<\/ul>\n\n\n\n<h2 class=\"wp-block-heading\"><strong>Los beneficios de la odontolog\u00eda cosm\u00e9tica<\/strong><\/h2>\n\n\n\n<p>Si bien la odontolog\u00eda cosm\u00e9tica tiene como objetivo restaurar la est\u00e9tica de una sonrisa, tambi\u00e9n puede tener beneficios funcionales. Cuando se corrigen las peque\u00f1as imperfecciones de los dientes, se reduce el riesgo de que estos dientes se da\u00f1en a\u00fan m\u00e1s. De manera similar, reemplazar un diente faltante con un implante dental no solo llena un espacio desagradable, sino que tambi\u00e9n ayuda a restaurar la salud del hueso de la mand\u00edbula y la estabilidad de los dientes circundantes. Sin embargo, uno de los beneficios m\u00e1s atractivos de la odontolog\u00eda cosm\u00e9tica es la mejora de la sonrisa y el aumento de la confianza en s\u00ed mismos que sienten los pacientes cuando se completa el tratamiento de cambio de imagen de la sonrisa. Junto con coronas y puentes, carillas de porcelana e implantes dentales.<\/p>\n\n\n\n<p>Los implantes dentales se integran perfectamente en la sonrisa para reemplazar los dientes faltantes con implantes en forma de tornillo que se adhieren al hueso de la mand\u00edbula. A medida que muerde y mastica con la corona dental adjunta, el implante proporciona la misma estimulaci\u00f3n \u00f3sea que la ra\u00edz de un diente natural, lo que mantiene sus niveles \u00f3seos saludables y protege la integridad de su sonrisa en los a\u00f1os venideros.<\/p>\n\n\n\n<h2 class=\"wp-block-heading\"><strong>\u00bfMi seguro cubre la odontolog\u00eda cosm\u00e9tica?<\/strong><\/h2>\n\n\n\n<p>&nbsp;Su plan de seguro solo cubrir\u00e1 algunos de los procedimientos de odontolog\u00eda cosm\u00e9tica. Sin embargo, la mayor\u00eda de los procedimientos de odontolog\u00eda cosm\u00e9tica no est\u00e1n cubiertos. Esto var\u00eda seg\u00fan el plan de seguro. Por lo tanto, debe ponerse en contacto con su compa\u00f1\u00eda de seguros y verificar si cubre la odontolog\u00eda cosm\u00e9tica.<\/p>\n\n\n\n<h3 class=\"wp-block-heading\"><strong>Empastes compuestos en Houston<\/strong><\/h3>\n\n\n\n<p class=\"translation-block\">Ofrecemos empastes compuestos discretos que se pueden combinar con el color exacto de su diente para corregir peque\u00f1as astillas, grietas o para restaurar un diente despu\u00e9s de una caries.<\/p>\n\n\n\n<h3 class=\"wp-block-heading\"><strong>Blanqueamiento de dientes en Houston<\/strong><\/h3>\n\n\n\n<p class=\"translation-block\">Nuestra opci\u00f3n de blanqueamiento dental profesional Zoom! \u00ae en el consultorio o para llevar a casa utiliza bandejas personalizadas y un gel blanqueador seguro para restaurar una sonrisa brillante y segura en tan solo una visita.<\/p>\n\n\n\n<div class=\"wp-block-group has-global-padding is-layout-constrained wp-block-group-is-layout-constrained\" style=\"margin-top:var(--wp--preset--spacing--30);margin-bottom:var(--wp--preset--spacing--30);padding-top:0;padding-bottom:0\">\n<figure class=\"wp-block-image size-large\"><img decoding=\"async\" src=\"\/wp-content\/uploads\/2024\/05\/tooth-whitening-procedure-P65KZHQ-1280x855-1-1024x684.jpg\" alt=\"\" title=\"Tooth whitening procedure\"\/><\/figure>\n<\/div>\n\n\n\n<h3 class=\"wp-block-heading\"><strong>Incrustaciones y onlays en Houston<\/strong><\/h3>\n\n\n\n<p class=\"translation-block\">Podemos restaurar la forma y funci\u00f3n de los dientes con fracturas leves, grietas o desgaste. Las incrustaciones encajan perfectamente en las c\u00faspides de los dientes y las incrustaciones cubren el interior y una o m\u00e1s c\u00faspides del diente.<\/p>\n\n\n\n<h2 class=\"wp-block-heading\"><strong>\u00bfQu\u00e9 es una reconstrucci\u00f3n bucal completa?<\/strong><\/h2>\n\n\n\n<p class=\"translation-block\">La reconstrucci\u00f3n de la boca completa se refiere al proceso de reemplazar y reconstruir los dientes en la boca de un paciente. Si sus dientes no se colocan con regularidad, puede pensar en seguir adelante con una reconstrucci\u00f3n bucal completa. Este procedimiento de odontolog\u00eda restauradora tiene la capacidad de mejorar la funci\u00f3n general, la salud y la belleza de la boca. El blanqueamiento dental y la colocaci\u00f3n adecuada de los dientes le proporcionar\u00e1n hermosas sonrisas.<\/p>\n\n\n\n<h3 class=\"wp-block-heading\"><strong>\u00bfCu\u00e1l es el precio de una reconstrucci\u00f3n de boca completa en Houston?<\/strong><\/h3>\n\n\n\n<p>Un dentista cosmetico en Houston, Tx cobrar\u00e1 alrededor de $ 15,000 a $ 40,000 para seguir adelante con restauraciones bucales completas de nivel moderado. Sin embargo, una reconstrucci\u00f3n completa de la boca le costar\u00e1 alrededor de $ 45,000 a $ 80,000.<\/p>\n\n\n\n<h2 class=\"wp-block-heading\"><strong>\u00bfQu\u00e9 son las carillas dentales?<\/strong><\/h2>\n\n\n\n<p>Las carillas dentales son las cubiertas, que se colocan delante de los dientes visibles. Se parecen mucho a los dientes naturales. Esta pr\u00e1ctica dental se puede utilizar para solucionar una variedad de problemas dentales.<\/p>\n\n\n\n<div class=\"wp-block-group has-global-padding is-layout-constrained wp-block-group-is-layout-constrained\" style=\"margin-top:var(--wp--preset--spacing--30);margin-bottom:var(--wp--preset--spacing--30)\">\n<figure class=\"wp-block-image size-large\"><img decoding=\"async\" src=\"\/wp-content\/uploads\/2024\/05\/image-10-1024x683.jpeg\" alt=\"\"\/><\/figure>\n<\/div>\n\n\n\n<h3 class=\"wp-block-heading\"><strong>\u00bfCu\u00e1l es el precio de las carillas dentales en Houston?<\/strong><\/h3>\n\n\n\n<p>Las carillas dentales de porcelana son relativamente caras en comparaci\u00f3n con la resina compuesta directa o indirecta. Le costar\u00e1n alrededor de $ 1,000 a $ 2,500 por diente. Tambi\u00e9n puede durar un per\u00edodo de entre 10 y 15 a\u00f1os. Las carillas dentales compuestas le costar\u00e1n alrededor de $ 250 a $ 1,000. Puede durar alrededor de 4 a 7 a\u00f1os. Cualquier persona que quiera cambiar la imagen de una sonrisa puede pensarlo.<\/p>\n\n\n\n<h2 class=\"wp-block-heading\"><strong>\u00bfCu\u00e1l es el precio de los empastes en Houston?<\/strong><\/h2>\n\n\n\n<p>El precio asociado con los empastes dentales es alto en comparaci\u00f3n con los chequeos dentales. Puede reparar las caries y brindar protecci\u00f3n a la salud futura de su boca. La mayor\u00eda de los empastes dentales le costar\u00e1 alrededor de $ 50 a $ 100. Si opta por un compuesto de color, tendr\u00e1 que gastar entre $ 100 y $ 250. El precio var\u00eda seg\u00fan la pr\u00e1ctica dental ofrecida por su proveedor de servicios de salud bucal.<\/p>\n\n\n\n<h2 class=\"wp-block-heading\"><strong>\u00bfCu\u00e1l es el precio del blanqueamiento dental en Houston?<\/strong><\/h2>\n\n\n\n<p>Si desea continuar con el blanqueamiento dental profesional, tendr\u00e1 que gastar entre $ 300 y $ 800.<\/p>\n\n\n\n<p>Esta cantidad var\u00eda seg\u00fan el proveedor de servicios que seleccione para seguir adelante con los tratamientos. Es uno de los tratamientos m\u00e1s rentables disponibles en odontolog\u00eda de sedaci\u00f3n para mejorar su sonrisa.<\/p>\n\n\n\n<h3 class=\"wp-block-heading\"><strong>\u00bfCu\u00e1les son los precios de las incrustaciones y onlays en Houston?<\/strong><\/h3>\n\n\n\n<p>El costo promedio asociado con las incrustaciones es de alrededor de $ 250 a $ 1,500. Asimismo, tendr\u00e1 que pagar entre $ 350 y $ 1,500 por onlays. El costo var\u00eda seg\u00fan varios factores. La pr\u00e1ctica dental del dentista que seleccione y las instalaciones de vanguardia disponibles en la cl\u00ednica dental son algunos de los factores m\u00e1s destacados.<\/p>\n\n\n\n<h2 class=\"wp-block-heading\"><strong>La odontolog\u00eda cosm\u00e9tica puede solucionar m\u00faltiples preocupaciones:<\/strong><\/h2>\n\n\n\n<p class=\"translation-block\">Los servicios de odontolog\u00eda cosm\u00e9tica pueden ser tan simples como una sola visita para el blanqueamiento dental interno o tan complejos como una reconstrucci\u00f3n bucal completa de varios pasos. Independientemente de sus necesidades cosm\u00e9ticas, proporcionamos consultas integrales para examinar sus dientes, diagnosticar y corregir cualquier condici\u00f3n subyacente y recomendar la soluci\u00f3n ideal para su caso. Nuestro objetivo es ayudarlo a sentirse c\u00f3modo y seguro con su nueva sonrisa y aceptamos todas las preguntas o inquietudes en cualquier momento durante el proceso de su tratamiento.<\/p>","protected":false},"excerpt":{"rendered":"<p>What&nbsp;is Cosmetic Dentistry?\u200b Cosmetic dentistry refers to the dentistry procedures, which focus on enhancing the appearance of teeth as well as gums. In most of the instances, cosmetic dentistry focus on enhancing the position, color, size, shape and alignment of teeth. When you go through cosmetic dentistry procedures, you will be able to enhance overall [&hellip;]<\/p>","protected":false},"author":1,"featured_media":0,"parent":0,"menu_order":0,"comment_status":"closed","ping_status":"closed","template":"","meta":{"_acf_changed":false,"footnotes":""},"class_list":["post-426","page","type-page","status-publish","hentry"],"acf":[],"yoast_head":"<!-- This site is optimized with the Yoast SEO plugin v25.1 - https:\/\/yoast.com\/wordpress\/plugins\/seo\/ -->\n<title>Best Cosmetic Dentist in Houston | Smile Makeovers<\/title>\n<meta name=\"description\" content=\"Discover Luxadent, a top-rated cosmetic dentist in Houston. Get personalized smile makeovers, teeth whitening, inlays, onlays &amp; more!\" \/>\n<meta name=\"robots\" content=\"index, follow, max-snippet:-1, max-image-preview:large, max-video-preview:-1\" \/>\n<link rel=\"canonical\" href=\"https:\/\/www.myluxadent.com\/es\/cosmetic-dentist-in-houston\/\" \/>\n<meta property=\"og:locale\" content=\"es_ES\" \/>\n<meta property=\"og:type\" content=\"article\" \/>\n<meta property=\"og:title\" content=\"Best Cosmetic Dentist in Houston | Smile Makeovers\" \/>\n<meta property=\"og:description\" content=\"Discover Luxadent, a top-rated cosmetic dentist in Houston. Get personalized smile makeovers, teeth whitening, inlays, onlays &amp; more!\" \/>\n<meta property=\"og:url\" content=\"https:\/\/www.myluxadent.com\/es\/cosmetic-dentist-in-houston\/\" \/>\n<meta property=\"og:site_name\" content=\"Luxadent Cosmetic and Implant Dental Center\" \/>\n<meta property=\"article:modified_time\" content=\"2025-02-26T15:33:20+00:00\" \/>\n<meta name=\"twitter:card\" content=\"summary_large_image\" \/>\n<meta name=\"twitter:label1\" content=\"Est. reading time\" \/>\n\t<meta name=\"twitter:data1\" content=\"6 minutes\" \/>\n<script type=\"application\/ld+json\" class=\"yoast-schema-graph\">{\"@context\":\"https:\/\/schema.org\",\"@graph\":[{\"@type\":\"WebPage\",\"@id\":\"https:\/\/www.myluxadent.com\/es\/cosmetic-dentist-in-houston\/\",\"url\":\"https:\/\/www.myluxadent.com\/es\/cosmetic-dentist-in-houston\/\",\"name\":\"Best Cosmetic Dentist in Houston | Smile Makeovers\",\"isPartOf\":{\"@id\":\"https:\/\/www.myluxadent.com\/es\/#website\"},\"datePublished\":\"2024-05-18T03:47:23+00:00\",\"dateModified\":\"2025-02-26T15:33:20+00:00\",\"description\":\"Discover Luxadent, a top-rated cosmetic dentist in Houston. Get personalized smile makeovers, teeth whitening, inlays, onlays & more!\",\"breadcrumb\":{\"@id\":\"https:\/\/www.myluxadent.com\/es\/cosmetic-dentist-in-houston\/#breadcrumb\"},\"inLanguage\":\"es-US\",\"potentialAction\":[{\"@type\":\"ReadAction\",\"target\":[\"https:\/\/www.myluxadent.com\/es\/cosmetic-dentist-in-houston\/\"]}]},{\"@type\":\"BreadcrumbList\",\"@id\":\"https:\/\/www.myluxadent.com\/es\/cosmetic-dentist-in-houston\/#breadcrumb\",\"itemListElement\":[{\"@type\":\"ListItem\",\"position\":1,\"name\":\"Home\",\"item\":\"https:\/\/www.myluxadent.com\/\"},{\"@type\":\"ListItem\",\"position\":2,\"name\":\"Cosmetic Dentist in Houston, TX\"}]},{\"@type\":\"WebSite\",\"@id\":\"https:\/\/www.myluxadent.com\/es\/#website\",\"url\":\"https:\/\/www.myluxadent.com\/es\/\",\"name\":\"Luxadent Cosmetic and Implant Dental Center\",\"description\":\"\",\"publisher\":{\"@id\":\"https:\/\/www.myluxadent.com\/es\/#organization\"},\"potentialAction\":[{\"@type\":\"SearchAction\",\"target\":{\"@type\":\"EntryPoint\",\"urlTemplate\":\"https:\/\/www.myluxadent.com\/es\/?s={search_term_string}\"},\"query-input\":{\"@type\":\"PropertyValueSpecification\",\"valueRequired\":true,\"valueName\":\"search_term_string\"}}],\"inLanguage\":\"es-US\"},{\"@type\":\"Organization\",\"@id\":\"https:\/\/www.myluxadent.com\/es\/#organization\",\"name\":\"Luxadent Cosmetic and Implant Dental Center\",\"url\":\"https:\/\/www.myluxadent.com\/es\/\",\"logo\":{\"@type\":\"ImageObject\",\"inLanguage\":\"es-US\",\"@id\":\"https:\/\/www.myluxadent.com\/es\/#\/schema\/logo\/image\/\",\"url\":\"https:\/\/www.myluxadent.com\/wp-content\/uploads\/2024\/03\/midibite-PSD-01.png\",\"contentUrl\":\"https:\/\/www.myluxadent.com\/wp-content\/uploads\/2024\/03\/midibite-PSD-01.png\",\"width\":1000,\"height\":300,\"caption\":\"Luxadent Cosmetic and Implant Dental Center\"},\"image\":{\"@id\":\"https:\/\/www.myluxadent.com\/es\/#\/schema\/logo\/image\/\"},\"sameAs\":[\"https:\/\/www.instagram.com\/luxadent\/\"]}]}<\/script>\n<!-- \/ Yoast SEO plugin. -->","yoast_head_json":{"title":"Best Cosmetic Dentist in Houston | Smile Makeovers","description":"Discover Luxadent, a top-rated cosmetic dentist in Houston. Get personalized smile makeovers, teeth whitening, inlays, onlays & more!","robots":{"index":"index","follow":"follow","max-snippet":"max-snippet:-1","max-image-preview":"max-image-preview:large","max-video-preview":"max-video-preview:-1"},"canonical":"https:\/\/www.myluxadent.com\/es\/cosmetic-dentist-in-houston\/","og_locale":"es_ES","og_type":"article","og_title":"Best Cosmetic Dentist in Houston | Smile Makeovers","og_description":"Discover Luxadent, a top-rated cosmetic dentist in Houston. Get personalized smile makeovers, teeth whitening, inlays, onlays & more!","og_url":"https:\/\/www.myluxadent.com\/es\/cosmetic-dentist-in-houston\/","og_site_name":"Luxadent Cosmetic and Implant Dental Center","article_modified_time":"2025-02-26T15:33:20+00:00","twitter_card":"summary_large_image","twitter_misc":{"Est. reading time":"6 minutes"},"schema":{"@context":"https:\/\/schema.org","@graph":[{"@type":"WebPage","@id":"https:\/\/www.myluxadent.com\/es\/cosmetic-dentist-in-houston\/","url":"https:\/\/www.myluxadent.com\/es\/cosmetic-dentist-in-houston\/","name":"Best Cosmetic Dentist in Houston | Smile Makeovers","isPartOf":{"@id":"https:\/\/www.myluxadent.com\/es\/#website"},"datePublished":"2024-05-18T03:47:23+00:00","dateModified":"2025-02-26T15:33:20+00:00","description":"Discover Luxadent, a top-rated cosmetic dentist in Houston. Get personalized smile makeovers, teeth whitening, inlays, onlays & more!","breadcrumb":{"@id":"https:\/\/www.myluxadent.com\/es\/cosmetic-dentist-in-houston\/#breadcrumb"},"inLanguage":"es-US","potentialAction":[{"@type":"ReadAction","target":["https:\/\/www.myluxadent.com\/es\/cosmetic-dentist-in-houston\/"]}]},{"@type":"BreadcrumbList","@id":"https:\/\/www.myluxadent.com\/es\/cosmetic-dentist-in-houston\/#breadcrumb","itemListElement":[{"@type":"ListItem","position":1,"name":"Home","item":"https:\/\/www.myluxadent.com\/"},{"@type":"ListItem","position":2,"name":"Cosmetic Dentist in Houston, TX"}]},{"@type":"WebSite","@id":"https:\/\/www.myluxadent.com\/es\/#website","url":"https:\/\/www.myluxadent.com\/es\/","name":"Luxadent Cosmetic and Implant Dental Center","description":"","publisher":{"@id":"https:\/\/www.myluxadent.com\/es\/#organization"},"potentialAction":[{"@type":"SearchAction","target":{"@type":"EntryPoint","urlTemplate":"https:\/\/www.myluxadent.com\/es\/?s={search_term_string}"},"query-input":{"@type":"PropertyValueSpecification","valueRequired":true,"valueName":"search_term_string"}}],"inLanguage":"es-US"},{"@type":"Organization","@id":"https:\/\/www.myluxadent.com\/es\/#organization","name":"Luxadent Cosmetic and Implant Dental Center","url":"https:\/\/www.myluxadent.com\/es\/","logo":{"@type":"ImageObject","inLanguage":"es-US","@id":"https:\/\/www.myluxadent.com\/es\/#\/schema\/logo\/image\/","url":"https:\/\/www.myluxadent.com\/wp-content\/uploads\/2024\/03\/midibite-PSD-01.png","contentUrl":"https:\/\/www.myluxadent.com\/wp-content\/uploads\/2024\/03\/midibite-PSD-01.png","width":1000,"height":300,"caption":"Luxadent Cosmetic and Implant Dental Center"},"image":{"@id":"https:\/\/www.myluxadent.com\/es\/#\/schema\/logo\/image\/"},"sameAs":["https:\/\/www.instagram.com\/luxadent\/"]}]}},"_links":{"self":[{"href":"https:\/\/www.myluxadent.com\/es\/wp-json\/wp\/v2\/pages\/426","targetHints":{"allow":["GET"]}}],"collection":[{"href":"https:\/\/www.myluxadent.com\/es\/wp-json\/wp\/v2\/pages"}],"about":[{"href":"https:\/\/www.myluxadent.com\/es\/wp-json\/wp\/v2\/types\/page"}],"author":[{"embeddable":true,"href":"https:\/\/www.myluxadent.com\/es\/wp-json\/wp\/v2\/users\/1"}],"replies":[{"embeddable":true,"href":"https:\/\/www.myluxadent.com\/es\/wp-json\/wp\/v2\/comments?post=426"}],"version-history":[{"count":5,"href":"https:\/\/www.myluxadent.com\/es\/wp-json\/wp\/v2\/pages\/426\/revisions"}],"predecessor-version":[{"id":539,"href":"https:\/\/www.myluxadent.com\/es\/wp-json\/wp\/v2\/pages\/426\/revisions\/539"}],"wp:attachment":[{"href":"https:\/\/www.myluxadent.com\/es\/wp-json\/wp\/v2\/media?parent=426"}],"curies":[{"name":"wp","href":"https:\/\/api.w.org\/{rel}","templated":true}]}}