{"id":369,"date":"2024-05-17T02:08:31","date_gmt":"2024-05-17T02:08:31","guid":{"rendered":"https:\/\/luxadent.local\/?page_id=369"},"modified":"2024-09-10T02:18:59","modified_gmt":"2024-09-10T02:18:59","slug":"dentist-in-houston","status":"publish","type":"page","link":"https:\/\/www.myluxadent.com\/es\/dentist-in-houston\/","title":{"rendered":"Dentista en Houston"},"content":{"rendered":"<div class=\"wp-block-group alignfull meet-custom-container has-global-padding is-layout-constrained wp-container-core-group-is-layout-7 wp-block-group-is-layout-constrained\" style=\"padding-top:100px\">\n<div class=\"wp-block-group has-global-padding is-layout-constrained wp-container-core-group-is-layout-3 wp-block-group-is-layout-constrained\">\n<div class=\"wp-block-columns is-layout-flex wp-container-core-columns-is-layout-1 wp-block-columns-is-layout-flex\">\n<div class=\"wp-block-column meet-left-column-picture is-layout-flow wp-block-column-is-layout-flow\">\n<figure class=\"wp-block-image size-full shadow\"><img loading=\"lazy\" decoding=\"async\" width=\"683\" height=\"1024\" src=\"https:\/\/www.myluxadent.com\/wp-content\/uploads\/2024\/09\/Dr-Perez.jpg\" alt=\"Dr. Perez\" class=\"wp-image-707\" srcset=\"https:\/\/www.myluxadent.com\/wp-content\/uploads\/2024\/09\/Dr-Perez.jpg 683w, https:\/\/www.myluxadent.com\/wp-content\/uploads\/2024\/09\/Dr-Perez-200x300.jpg 200w, https:\/\/www.myluxadent.com\/wp-content\/uploads\/2024\/09\/Dr-Perez-8x12.jpg 8w\" sizes=\"auto, (max-width: 683px) 100vw, 683px\" \/><\/figure>\n<\/div>\n\n\n\n<div class=\"wp-block-column is-layout-flow wp-block-column-is-layout-flow\">\n<div class=\"wp-block-group styled-card has-global-padding is-layout-constrained wp-container-core-group-is-layout-2 wp-block-group-is-layout-constrained\" style=\"padding-right:var(--wp--preset--spacing--50);padding-left:var(--wp--preset--spacing--50)\">\n<div class=\"wp-block-group has-global-padding is-layout-constrained wp-block-group-is-layout-constrained\">\n<h3 class=\"wp-block-heading has-montserrat-font-family\" style=\"font-size:15px;text-transform:uppercase\">Ortodoncia y Odontolog\u00eda de Implantes<\/h3>\n\n\n\n<h2 class=\"wp-block-heading\" style=\"margin-top:0;margin-bottom:0;line-height:1.1\">Conozca a la Dra. Geisa P\u00e9rez<\/h2>\n<\/div>\n\n\n\n<figure class=\"wp-block-image size-large is-resized only-phablet-below\"><img loading=\"lazy\" decoding=\"async\" width=\"683\" height=\"1024\" src=\"https:\/\/luxadent.local\/wp-content\/uploads\/2024\/05\/DrGeisa-683x1024.jpg\" alt=\"\" class=\"wp-image-370\" style=\"width:288px;height:auto\" srcset=\"https:\/\/www.myluxadent.com\/wp-content\/uploads\/2024\/05\/DrGeisa-683x1024.jpg 683w, https:\/\/www.myluxadent.com\/wp-content\/uploads\/2024\/05\/DrGeisa-200x300.jpg 200w, https:\/\/www.myluxadent.com\/wp-content\/uploads\/2024\/05\/DrGeisa-768x1152.jpg 768w, https:\/\/www.myluxadent.com\/wp-content\/uploads\/2024\/05\/DrGeisa.jpg 1000w\" sizes=\"auto, (max-width: 683px) 100vw, 683px\" \/><\/figure>\n\n\n\n<p>La Dra. Geisa P\u00e9rez encarna el verdadero esp\u00edritu de inspiraci\u00f3n y profesionalismo como una distinguida dentista originaria de Cuba. Su inquebrantable dedicaci\u00f3n a su vocaci\u00f3n comenz\u00f3 en la prestigiosa Facultad de Odontolog\u00eda de La Habana en 2008, donde cultiv\u00f3 su pasi\u00f3n por la odontolog\u00eda y los valores de cuidado y compasi\u00f3n que m\u00e1s tarde definir\u00edan su ilustre carrera. Posteriormente, persigui\u00f3 la excelencia acad\u00e9mica en la Escuela de Odontolog\u00eda de Rutgers en 2021, un testimonio de su compromiso con el crecimiento y desarrollo continuo. Dotada de un coraz\u00f3n rebosante de empat\u00eda, la Dra. P\u00e9rez fue justamente reconocida por sus cualidades excepcionales, siendo honrada como la Srta. Simpat\u00eda 2021 en su Escuela de Odontolog\u00eda.<\/p>\n\n\n\n<p>Desde una edad temprana, las semillas de la b\u00fasqueda de la odontolog\u00eda por parte de la Dra. P\u00e9rez fueron sembradas, ya que fue profundamente influenciada por la ejemplar carrera de su madre como dentista. Esta inspiraci\u00f3n familiar le inculc\u00f3 una profunda comprensi\u00f3n del poder transformador de la odontolog\u00eda, no solo en la restauraci\u00f3n de la salud bucal, sino tambi\u00e9n en la mejora del bienestar general y la autoestima de sus pacientes. Su incansable b\u00fasqueda de la excelencia la ha llevado a realizar varios cursos en ortodoncia, donde se ha dedicado a ayudar a pacientes que necesitan correcci\u00f3n de la mordida, mejorando sus sonrisas y elevando su confianza en s\u00ed mismos.<\/p>\n<\/div>\n<\/div>\n<\/div>\n<\/div>\n\n\n\n<div class=\"wp-block-group meet-doctor-container has-global-padding is-layout-constrained wp-container-core-group-is-layout-6 wp-block-group-is-layout-constrained\" style=\"margin-top:150px\">\n<div class=\"wp-block-columns is-layout-flex wp-container-core-columns-is-layout-2 wp-block-columns-is-layout-flex\">\n<div class=\"wp-block-column meet-left-column-text is-layout-flow wp-block-column-is-layout-flow\">\n<div class=\"wp-block-group styled-card has-global-padding is-layout-constrained wp-container-core-group-is-layout-5 wp-block-group-is-layout-constrained\" style=\"padding-right:var(--wp--preset--spacing--50);padding-left:var(--wp--preset--spacing--50)\">\n<div class=\"wp-block-group has-global-padding is-layout-constrained wp-block-group-is-layout-constrained\">\n<h3 class=\"wp-block-heading has-montserrat-font-family\" style=\"font-size:15px;text-transform:uppercase\">Ortodoncia y Odontolog\u00eda de Implantes<\/h3>\n\n\n\n<h2 class=\"wp-block-heading\" style=\"margin-top:0;margin-bottom:0;line-height:1.1\">Conozca a la Dra. Katy Triana<\/h2>\n<\/div>\n\n\n\n<figure class=\"wp-block-image size-large is-resized only-phablet-below\"><img loading=\"lazy\" decoding=\"async\" width=\"683\" height=\"1024\" src=\"https:\/\/luxadent.local\/wp-content\/uploads\/2024\/05\/DrKaty-683x1024.jpg\" alt=\"\" class=\"wp-image-379\" style=\"width:288px\" srcset=\"https:\/\/www.myluxadent.com\/wp-content\/uploads\/2024\/05\/DrKaty-683x1024.jpg 683w, https:\/\/www.myluxadent.com\/wp-content\/uploads\/2024\/05\/DrKaty-200x300.jpg 200w, https:\/\/www.myluxadent.com\/wp-content\/uploads\/2024\/05\/DrKaty-768x1152.jpg 768w, https:\/\/www.myluxadent.com\/wp-content\/uploads\/2024\/05\/DrKaty.jpg 1000w\" sizes=\"auto, (max-width: 683px) 100vw, 683px\" \/><\/figure>\n\n\n\n<p>La Dra. Katy Triana se erige como un paradigma de excelencia en el \u00e1mbito de la odontolog\u00eda, habiendo emprendido un viaje de dedicaci\u00f3n inquebrantable y b\u00fasqueda constante de conocimiento. Su ilustre odisea comenz\u00f3 con la obtenci\u00f3n de su t\u00edtulo de odontolog\u00eda en la Facultad de Odontolog\u00eda de La Habana en 2008, donde se distingui\u00f3 como estudiante Valedictorian, marcando el inicio de sus futuros logros. Sobre la base de su \u00e9xito inicial, la Dra. Katy perfeccion\u00f3 a\u00fan m\u00e1s su experiencia y fortaleza, gradu\u00e1ndose de la Escuela de Odontolog\u00eda de Rutgers en NJ en 2021, ampliando as\u00ed su repertorio de habilidades y enriqueciendo su acumen profesional. Adem\u00e1s, obtuvo un t\u00edtulo de Maestr\u00eda en Odontolog\u00eda y realiz\u00f3 varios cursos de Cosm\u00e9tica en NYU, reflejando su incesante compromiso con el avance y la maestr\u00eda en su campo.<\/p>\n\n\n\n<p>A lo largo de su ilustre carrera, que abarca un notable per\u00edodo de 15 a\u00f1os, la Dra. Katy ha demostrado un profundo compromiso con el campo de la odontolog\u00eda. Como encarnaci\u00f3n de la brillantez multifac\u00e9tica, la Dra. Katy Triana se enorgullece de ser copropietaria de Luxadent, un establecimiento dedicado al arte de la odontolog\u00eda est\u00e9tica.<\/p>\n\n\n\n<p>M\u00e1s all\u00e1 de sus notables esfuerzos profesionales, la Dra. Katy valora profundamente la santidad del tiempo, como lo demuestra su gran inter\u00e9s por la gesti\u00f3n del tiempo. Al equilibrar sus actividades con las enriquecedoras alegr\u00edas de la maternidad y los momentos preciados con su familia, ella irradia como un faro de inspiraci\u00f3n para quienes buscan armonizar la vida personal y profesional.<\/p>\n<\/div>\n<\/div>\n\n\n\n<div class=\"wp-block-column meet-right-column-picture is-layout-flow wp-block-column-is-layout-flow\">\n<figure class=\"wp-block-image size-full shadow shadow-top-right\"><img loading=\"lazy\" decoding=\"async\" width=\"683\" height=\"1024\" src=\"https:\/\/www.myluxadent.com\/wp-content\/uploads\/2024\/09\/Dr-Triana.jpg\" alt=\"Dr. Triana\" class=\"wp-image-709\" srcset=\"https:\/\/www.myluxadent.com\/wp-content\/uploads\/2024\/09\/Dr-Triana.jpg 683w, https:\/\/www.myluxadent.com\/wp-content\/uploads\/2024\/09\/Dr-Triana-200x300.jpg 200w, https:\/\/www.myluxadent.com\/wp-content\/uploads\/2024\/09\/Dr-Triana-8x12.jpg 8w\" sizes=\"auto, (max-width: 683px) 100vw, 683px\" \/><\/figure>\n<\/div>\n<\/div>\n<\/div>\n<\/div>","protected":false},"excerpt":{"rendered":"<p>Orthodontia and Implant Dentistry Meet Dr. Geisa Perez Dr. Geisa Perez embodies the true spirit of inspiration and professionalism as a distinguished Dentist hailing from Cuba. Her unwavering dedication to her chosen vocation began at the prestigious Havana Dental School in 2008, where she nurtured her passion for dentistry and cultivated the values of care [&hellip;]<\/p>","protected":false},"author":1,"featured_media":0,"parent":0,"menu_order":0,"comment_status":"closed","ping_status":"closed","template":"","meta":{"_acf_changed":false,"footnotes":""},"class_list":["post-369","page","type-page","status-publish","hentry"],"acf":[],"yoast_head":"<!-- This site is optimized with the Yoast SEO plugin v25.1 - https:\/\/yoast.com\/wordpress\/plugins\/seo\/ -->\n<title>Dentist in Houston - Luxadent Cosmetic and Implant Dental Center<\/title>\n<meta name=\"robots\" content=\"index, follow, max-snippet:-1, max-image-preview:large, max-video-preview:-1\" \/>\n<link rel=\"canonical\" href=\"https:\/\/www.myluxadent.com\/es\/dentist-in-houston\/\" \/>\n<meta property=\"og:locale\" content=\"es_ES\" \/>\n<meta property=\"og:type\" content=\"article\" \/>\n<meta property=\"og:title\" content=\"Dentist in Houston - Luxadent Cosmetic and Implant Dental Center\" \/>\n<meta property=\"og:description\" content=\"Orthodontia and Implant Dentistry Meet Dr. Geisa Perez Dr. Geisa Perez embodies the true spirit of inspiration and professionalism as a distinguished Dentist hailing from Cuba. Her unwavering dedication to her chosen vocation began at the prestigious Havana Dental School in 2008, where she nurtured her passion for dentistry and cultivated the values of care [&hellip;]\" \/>\n<meta property=\"og:url\" content=\"https:\/\/www.myluxadent.com\/es\/dentist-in-houston\/\" \/>\n<meta property=\"og:site_name\" content=\"Luxadent Cosmetic and Implant Dental Center\" \/>\n<meta property=\"article:modified_time\" content=\"2024-09-10T02:18:59+00:00\" \/>\n<meta property=\"og:image\" content=\"https:\/\/www.myluxadent.com\/wp-content\/uploads\/2024\/09\/Dr-Perez.jpg\" \/>\n<meta name=\"twitter:card\" content=\"summary_large_image\" \/>\n<meta name=\"twitter:label1\" content=\"Est. reading time\" \/>\n\t<meta name=\"twitter:data1\" content=\"3 minutes\" \/>\n<script type=\"application\/ld+json\" class=\"yoast-schema-graph\">{\"@context\":\"https:\/\/schema.org\",\"@graph\":[{\"@type\":\"WebPage\",\"@id\":\"https:\/\/www.myluxadent.com\/es\/dentist-in-houston\/\",\"url\":\"https:\/\/www.myluxadent.com\/es\/dentist-in-houston\/\",\"name\":\"Dentist in Houston - Luxadent Cosmetic and Implant Dental Center\",\"isPartOf\":{\"@id\":\"https:\/\/www.myluxadent.com\/es\/#website\"},\"primaryImageOfPage\":{\"@id\":\"https:\/\/www.myluxadent.com\/es\/dentist-in-houston\/#primaryimage\"},\"image\":{\"@id\":\"https:\/\/www.myluxadent.com\/es\/dentist-in-houston\/#primaryimage\"},\"thumbnailUrl\":\"https:\/\/www.myluxadent.com\/wp-content\/uploads\/2024\/09\/Dr-Perez.jpg\",\"datePublished\":\"2024-05-17T02:08:31+00:00\",\"dateModified\":\"2024-09-10T02:18:59+00:00\",\"breadcrumb\":{\"@id\":\"https:\/\/www.myluxadent.com\/es\/dentist-in-houston\/#breadcrumb\"},\"inLanguage\":\"es-US\",\"potentialAction\":[{\"@type\":\"ReadAction\",\"target\":[\"https:\/\/www.myluxadent.com\/es\/dentist-in-houston\/\"]}]},{\"@type\":\"ImageObject\",\"inLanguage\":\"es-US\",\"@id\":\"https:\/\/www.myluxadent.com\/es\/dentist-in-houston\/#primaryimage\",\"url\":\"https:\/\/www.myluxadent.com\/wp-content\/uploads\/2024\/09\/Dr-Perez.jpg\",\"contentUrl\":\"https:\/\/www.myluxadent.com\/wp-content\/uploads\/2024\/09\/Dr-Perez.jpg\"},{\"@type\":\"BreadcrumbList\",\"@id\":\"https:\/\/www.myluxadent.com\/es\/dentist-in-houston\/#breadcrumb\",\"itemListElement\":[{\"@type\":\"ListItem\",\"position\":1,\"name\":\"Home\",\"item\":\"https:\/\/www.myluxadent.com\/\"},{\"@type\":\"ListItem\",\"position\":2,\"name\":\"Dentist in Houston\"}]},{\"@type\":\"WebSite\",\"@id\":\"https:\/\/www.myluxadent.com\/es\/#website\",\"url\":\"https:\/\/www.myluxadent.com\/es\/\",\"name\":\"Luxadent Cosmetic and Implant Dental Center\",\"description\":\"\",\"publisher\":{\"@id\":\"https:\/\/www.myluxadent.com\/es\/#organization\"},\"potentialAction\":[{\"@type\":\"SearchAction\",\"target\":{\"@type\":\"EntryPoint\",\"urlTemplate\":\"https:\/\/www.myluxadent.com\/es\/?s={search_term_string}\"},\"query-input\":{\"@type\":\"PropertyValueSpecification\",\"valueRequired\":true,\"valueName\":\"search_term_string\"}}],\"inLanguage\":\"es-US\"},{\"@type\":\"Organization\",\"@id\":\"https:\/\/www.myluxadent.com\/es\/#organization\",\"name\":\"Luxadent Cosmetic and Implant Dental Center\",\"url\":\"https:\/\/www.myluxadent.com\/es\/\",\"logo\":{\"@type\":\"ImageObject\",\"inLanguage\":\"es-US\",\"@id\":\"https:\/\/www.myluxadent.com\/es\/#\/schema\/logo\/image\/\",\"url\":\"https:\/\/www.myluxadent.com\/wp-content\/uploads\/2024\/03\/midibite-PSD-01.png\",\"contentUrl\":\"https:\/\/www.myluxadent.com\/wp-content\/uploads\/2024\/03\/midibite-PSD-01.png\",\"width\":1000,\"height\":300,\"caption\":\"Luxadent Cosmetic and Implant Dental Center\"},\"image\":{\"@id\":\"https:\/\/www.myluxadent.com\/es\/#\/schema\/logo\/image\/\"},\"sameAs\":[\"https:\/\/www.instagram.com\/luxadent\/\"]}]}<\/script>\n<!-- \/ Yoast SEO plugin. -->","yoast_head_json":{"title":"Dentist in Houston - Luxadent Cosmetic and Implant Dental Center","robots":{"index":"index","follow":"follow","max-snippet":"max-snippet:-1","max-image-preview":"max-image-preview:large","max-video-preview":"max-video-preview:-1"},"canonical":"https:\/\/www.myluxadent.com\/es\/dentist-in-houston\/","og_locale":"es_ES","og_type":"article","og_title":"Dentist in Houston - Luxadent Cosmetic and Implant Dental Center","og_description":"Orthodontia and Implant Dentistry Meet Dr. Geisa Perez Dr. Geisa Perez embodies the true spirit of inspiration and professionalism as a distinguished Dentist hailing from Cuba. Her unwavering dedication to her chosen vocation began at the prestigious Havana Dental School in 2008, where she nurtured her passion for dentistry and cultivated the values of care [&hellip;]","og_url":"https:\/\/www.myluxadent.com\/es\/dentist-in-houston\/","og_site_name":"Luxadent Cosmetic and Implant Dental Center","article_modified_time":"2024-09-10T02:18:59+00:00","og_image":[{"url":"https:\/\/www.myluxadent.com\/wp-content\/uploads\/2024\/09\/Dr-Perez.jpg","type":"","width":"","height":""}],"twitter_card":"summary_large_image","twitter_misc":{"Est. reading time":"3 minutes"},"schema":{"@context":"https:\/\/schema.org","@graph":[{"@type":"WebPage","@id":"https:\/\/www.myluxadent.com\/es\/dentist-in-houston\/","url":"https:\/\/www.myluxadent.com\/es\/dentist-in-houston\/","name":"Dentist in Houston - Luxadent Cosmetic and Implant Dental Center","isPartOf":{"@id":"https:\/\/www.myluxadent.com\/es\/#website"},"primaryImageOfPage":{"@id":"https:\/\/www.myluxadent.com\/es\/dentist-in-houston\/#primaryimage"},"image":{"@id":"https:\/\/www.myluxadent.com\/es\/dentist-in-houston\/#primaryimage"},"thumbnailUrl":"https:\/\/www.myluxadent.com\/wp-content\/uploads\/2024\/09\/Dr-Perez.jpg","datePublished":"2024-05-17T02:08:31+00:00","dateModified":"2024-09-10T02:18:59+00:00","breadcrumb":{"@id":"https:\/\/www.myluxadent.com\/es\/dentist-in-houston\/#breadcrumb"},"inLanguage":"es-US","potentialAction":[{"@type":"ReadAction","target":["https:\/\/www.myluxadent.com\/es\/dentist-in-houston\/"]}]},{"@type":"ImageObject","inLanguage":"es-US","@id":"https:\/\/www.myluxadent.com\/es\/dentist-in-houston\/#primaryimage","url":"https:\/\/www.myluxadent.com\/wp-content\/uploads\/2024\/09\/Dr-Perez.jpg","contentUrl":"https:\/\/www.myluxadent.com\/wp-content\/uploads\/2024\/09\/Dr-Perez.jpg"},{"@type":"BreadcrumbList","@id":"https:\/\/www.myluxadent.com\/es\/dentist-in-houston\/#breadcrumb","itemListElement":[{"@type":"ListItem","position":1,"name":"Home","item":"https:\/\/www.myluxadent.com\/"},{"@type":"ListItem","position":2,"name":"Dentist in Houston"}]},{"@type":"WebSite","@id":"https:\/\/www.myluxadent.com\/es\/#website","url":"https:\/\/www.myluxadent.com\/es\/","name":"Luxadent Cosmetic and Implant Dental Center","description":"","publisher":{"@id":"https:\/\/www.myluxadent.com\/es\/#organization"},"potentialAction":[{"@type":"SearchAction","target":{"@type":"EntryPoint","urlTemplate":"https:\/\/www.myluxadent.com\/es\/?s={search_term_string}"},"query-input":{"@type":"PropertyValueSpecification","valueRequired":true,"valueName":"search_term_string"}}],"inLanguage":"es-US"},{"@type":"Organization","@id":"https:\/\/www.myluxadent.com\/es\/#organization","name":"Luxadent Cosmetic and Implant Dental Center","url":"https:\/\/www.myluxadent.com\/es\/","logo":{"@type":"ImageObject","inLanguage":"es-US","@id":"https:\/\/www.myluxadent.com\/es\/#\/schema\/logo\/image\/","url":"https:\/\/www.myluxadent.com\/wp-content\/uploads\/2024\/03\/midibite-PSD-01.png","contentUrl":"https:\/\/www.myluxadent.com\/wp-content\/uploads\/2024\/03\/midibite-PSD-01.png","width":1000,"height":300,"caption":"Luxadent Cosmetic and Implant Dental Center"},"image":{"@id":"https:\/\/www.myluxadent.com\/es\/#\/schema\/logo\/image\/"},"sameAs":["https:\/\/www.instagram.com\/luxadent\/"]}]}},"_links":{"self":[{"href":"https:\/\/www.myluxadent.com\/es\/wp-json\/wp\/v2\/pages\/369","targetHints":{"allow":["GET"]}}],"collection":[{"href":"https:\/\/www.myluxadent.com\/es\/wp-json\/wp\/v2\/pages"}],"about":[{"href":"https:\/\/www.myluxadent.com\/es\/wp-json\/wp\/v2\/types\/page"}],"author":[{"embeddable":true,"href":"https:\/\/www.myluxadent.com\/es\/wp-json\/wp\/v2\/users\/1"}],"replies":[{"embeddable":true,"href":"https:\/\/www.myluxadent.com\/es\/wp-json\/wp\/v2\/comments?post=369"}],"version-history":[{"count":4,"href":"https:\/\/www.myluxadent.com\/es\/wp-json\/wp\/v2\/pages\/369\/revisions"}],"predecessor-version":[{"id":710,"href":"https:\/\/www.myluxadent.com\/es\/wp-json\/wp\/v2\/pages\/369\/revisions\/710"}],"wp:attachment":[{"href":"https:\/\/www.myluxadent.com\/es\/wp-json\/wp\/v2\/media?parent=369"}],"curies":[{"name":"wp","href":"https:\/\/api.w.org\/{rel}","templated":true}]}}